{"id":1084,"date":"2023-02-27T19:09:42","date_gmt":"2023-02-27T19:09:42","guid":{"rendered":"https:\/\/lejlajosipovic.com\/?page_id=1084"},"modified":"2023-02-27T19:10:16","modified_gmt":"2023-02-27T19:10:16","slug":"uvjeti-koristenja","status":"publish","type":"page","link":"https:\/\/lejlajosipovic.com\/de\/uvjeti-koristenja\/","title":{"rendered":"Uvjeti koristenja"},"content":{"rendered":"<div data-elementor-type=\"wp-page\" data-elementor-id=\"1084\" class=\"elementor elementor-1084\">\n\t\t\t\t\t\t\t\t\t<section class=\"elementor-section elementor-top-section elementor-element elementor-element-60ac8ec4 elementor-section-boxed elementor-section-height-default elementor-section-height-default\" data-id=\"60ac8ec4\" data-element_type=\"section\" data-settings=\"{&quot;background_background&quot;:&quot;classic&quot;}\">\n\t\t\t\t\t\t<div class=\"elementor-container elementor-column-gap-default\">\n\t\t\t\t\t<div class=\"elementor-column elementor-col-100 elementor-top-column elementor-element elementor-element-abe0889\" data-id=\"abe0889\" data-element_type=\"column\">\n\t\t\t<div class=\"elementor-widget-wrap elementor-element-populated\">\n\t\t\t\t\t\t\t\t<div class=\"elementor-element elementor-element-6672ae5b elementor-widget elementor-widget-text-editor\" data-id=\"6672ae5b\" data-element_type=\"widget\" data-widget_type=\"text-editor.default\">\n\t\t\t\t<div class=\"elementor-widget-container\">\n\t\t\t<style>\/*! elementor - v3.11.2 - 22-02-2023 *\/\n.elementor-widget-text-editor.elementor-drop-cap-view-stacked .elementor-drop-cap{background-color:#818a91;color:#fff}.elementor-widget-text-editor.elementor-drop-cap-view-framed .elementor-drop-cap{color:#818a91;border:3px solid;background-color:transparent}.elementor-widget-text-editor:not(.elementor-drop-cap-view-default) .elementor-drop-cap{margin-top:8px}.elementor-widget-text-editor:not(.elementor-drop-cap-view-default) .elementor-drop-cap-letter{width:1em;height:1em}.elementor-widget-text-editor .elementor-drop-cap{float:left;text-align:center;line-height:1;font-size:50px}.elementor-widget-text-editor .elementor-drop-cap-letter{display:inline-block}<\/style>\t\t\t\t<p>Uvjeti kori\u0161tenja<\/p>\t\t\t\t\t\t<\/div>\n\t\t\t\t<\/div>\n\t\t\t\t<div class=\"elementor-element elementor-element-fcb5a5f elementor-widget-divider--view-line elementor-widget elementor-widget-divider\" data-id=\"fcb5a5f\" data-element_type=\"widget\" data-widget_type=\"divider.default\">\n\t\t\t\t<div class=\"elementor-widget-container\">\n\t\t\t<style>\/*! elementor - v3.11.2 - 22-02-2023 *\/\n.elementor-widget-divider{--divider-border-style:none;--divider-border-width:1px;--divider-color:#2c2c2c;--divider-icon-size:20px;--divider-element-spacing:10px;--divider-pattern-height:24px;--divider-pattern-size:20px;--divider-pattern-url:none;--divider-pattern-repeat:repeat-x}.elementor-widget-divider .elementor-divider{display:flex}.elementor-widget-divider .elementor-divider__text{font-size:15px;line-height:1;max-width:95%}.elementor-widget-divider .elementor-divider__element{margin:0 var(--divider-element-spacing);flex-shrink:0}.elementor-widget-divider .elementor-icon{font-size:var(--divider-icon-size)}.elementor-widget-divider .elementor-divider-separator{display:flex;margin:0;direction:ltr}.elementor-widget-divider--view-line_icon .elementor-divider-separator,.elementor-widget-divider--view-line_text .elementor-divider-separator{align-items:center}.elementor-widget-divider--view-line_icon .elementor-divider-separator:after,.elementor-widget-divider--view-line_icon .elementor-divider-separator:before,.elementor-widget-divider--view-line_text .elementor-divider-separator:after,.elementor-widget-divider--view-line_text .elementor-divider-separator:before{display:block;content:\"\";border-bottom:0;flex-grow:1;border-top:var(--divider-border-width) var(--divider-border-style) var(--divider-color)}.elementor-widget-divider--element-align-left .elementor-divider .elementor-divider-separator>.elementor-divider__svg:first-of-type{flex-grow:0;flex-shrink:100}.elementor-widget-divider--element-align-left .elementor-divider-separator:before{content:none}.elementor-widget-divider--element-align-left .elementor-divider__element{margin-left:0}.elementor-widget-divider--element-align-right .elementor-divider .elementor-divider-separator>.elementor-divider__svg:last-of-type{flex-grow:0;flex-shrink:100}.elementor-widget-divider--element-align-right .elementor-divider-separator:after{content:none}.elementor-widget-divider--element-align-right .elementor-divider__element{margin-right:0}.elementor-widget-divider:not(.elementor-widget-divider--view-line_text):not(.elementor-widget-divider--view-line_icon) .elementor-divider-separator{border-top:var(--divider-border-width) var(--divider-border-style) var(--divider-color)}.elementor-widget-divider--separator-type-pattern{--divider-border-style:none}.elementor-widget-divider--separator-type-pattern.elementor-widget-divider--view-line .elementor-divider-separator,.elementor-widget-divider--separator-type-pattern:not(.elementor-widget-divider--view-line) .elementor-divider-separator:after,.elementor-widget-divider--separator-type-pattern:not(.elementor-widget-divider--view-line) .elementor-divider-separator:before,.elementor-widget-divider--separator-type-pattern:not([class*=elementor-widget-divider--view]) .elementor-divider-separator{width:100%;min-height:var(--divider-pattern-height);-webkit-mask-size:var(--divider-pattern-size) 100%;mask-size:var(--divider-pattern-size) 100%;-webkit-mask-repeat:var(--divider-pattern-repeat);mask-repeat:var(--divider-pattern-repeat);background-color:var(--divider-color);-webkit-mask-image:var(--divider-pattern-url);mask-image:var(--divider-pattern-url)}.elementor-widget-divider--no-spacing{--divider-pattern-size:auto}.elementor-widget-divider--bg-round{--divider-pattern-repeat:round}.rtl .elementor-widget-divider .elementor-divider__text{direction:rtl}.e-con-inner>.elementor-widget-divider,.e-con>.elementor-widget-divider{width:var(--container-widget-width,100%);--flex-grow:var(--container-widget-flex-grow)}<\/style>\t\t<div class=\"elementor-divider\">\n\t\t\t<span class=\"elementor-divider-separator\">\n\t\t\t\t\t\t<\/span>\n\t\t<\/div>\n\t\t\t\t<\/div>\n\t\t\t\t<\/div>\n\t\t\t\t<div class=\"elementor-element elementor-element-470a17aa elementor-widget elementor-widget-text-editor\" data-id=\"470a17aa\" data-element_type=\"widget\" data-widget_type=\"text-editor.default\">\n\t\t\t\t<div class=\"elementor-widget-container\">\n\t\t\t\t\t\t\t<p>Kori\u0161tenjem ovih internetskih stranica Krajnji korisnik \/ Kupac potvr\u0111uje da je upoznat i suglasan s ovim uvjetima i svim ostalim stavkama poslovanja. Lejla Josipovi\u0107 zadr\u017eava pravo u bilo kojem trenutku izmijeniti ili dopuniti Op\u0107e uvjete poslovanja. Promjene stupaju na snagu danom objave na web stranici lejlajosipovic.com<br \/>Prodavatelj je Lejla Josipovi\u0107 sa sedi\u0161tem Nanette-Bald- Str. 45 81245 M\u00fcnchen. Korisnik je posjetitelj ovih stranica, a Kupac je posjetitelj stranica koji popuni elektronsku narud\u017ebu, te izvr\u0161i pla\u0107anje putem kreditne ili debitne kartice.<br \/>Dostava se vr\u0161i elektronskim putem, dodavanjem kupljene edukacije u va\u0161 profil na stranici lejlajosipovic.comi slanjem potvrde o kupnji putem emaila.<br \/>Vlasnik registrirane domene lejlajosipovic.com je Lejla Josipovi\u0107.<br \/>KUPOVINA I REGISTRACIJA<br \/>Na lejlajosipovic.com internetskoj stranici morate se registrirati kako biste polazili ili kupili edukaciju. Ovaj korak je potreban radi povezivanja kupljene edukacije s va\u0161im profilom i mogu\u0107nosti pregledavanja iste.<br \/>PLA\u0106ANJE<br \/>Na lejlajosipovic.com internetskoj stranici mo\u017eete platiti karticama preko Stripe servisa.<br \/>PRIMJEDBE I PRIGOVORI<br \/>Sukladno \u010dl. 10 Zakona o za\u0161titi potro\u0161a\u010da, internetska stranica lejlajosipovic.com (Lejla Josipovi\u0107) omogu\u0107uje vam da svoje pisane prigovore vezane uz kupovinu edukacija \u0161aljete na email adresu info@lejlajosipovic.com.<br \/>Po primitku prigovora potro\u0161a\u010da potvrdit \u0107emo primitak pisanim putem te \u0107emo odgovor dati, u pisanom obliku, u roku od maksimalno 15 dana.<br \/>Obzirom da 100 % stojimo iza na\u0161ih proizvoda, povrat kupljenih te\u010daja mo\u017eete izvr\u0161iti u roku 30 danih dana sukladno uvjetima navedenima ni\u017ee.<br \/>30 DANA ZA POVRAT<br \/>U slu\u010daju reklamacije i nezadovoljstva kupljenom edukacijom, molimo vas da nam se javite u roku od 30 dana od kupovine edukacije emailom na info@lejlajosipovic.com<br \/>U reklamaciji svakako navedite o\u010dekivanja koja su komunicirana na stranici edukacije, a nisu ispunjena u samoj edukaciji, jer u suprotnom ne\u0107emo mo\u0107i uva\u017eiti reklamaciju.<br \/>Sve navedene pritu\u017ebe rije\u0161it \u0107emo u dogovoru s naru\u010diteljem, odnosno kupcem edukacije u najkra\u0107em mogu\u0107em roku (najkasnije 15 radnih dana).<br \/>IZJAVA O ZA\u0160TITI I PRIKUPLJANJU OSOBNIH PODATAKA<br \/>Lejla Josipovi\u0107 se obavezuje pru\u017eati za\u0161titu osobnim podacima kupaca na na\u010din da prikuplja samo nu\u017ene, osnovne podatke o kupcima\/korisnicima koji su nu\u017eni za ispunjenje na\u0161ih obveza, informira kupce o na\u010dinu kori\u0161tenja prikupljenih podataka, redovito daje kupcima mogu\u0107nost izbora o upotrebi njihovih podataka, uklju\u010duju\u0107i mogu\u0107nost odluke \u017eele li ili ne da se njihovo ime ukloni s lista koje se koriste za marketin\u0161ke svrhe.<br \/>Svi se podaci o korisnicima strogo \u010duvaju i dostupni su samo djelatnicima kojima su ti podaci nu\u017eni za obavljanje posla. Svi djelatnici Lejle Josipovi\u0107 i poslovni partneri odgovorni su za po\u0161tivanje na\u010dela za\u0161tite privatnosti. Saznajte vi\u0161e o na\u0161oj politici privatnosti.<br \/>ONLINE RJE\u0160AVANJE SPOROVA<br \/>Regulativom EU od 15.2.2016. diljem cijele Europske unije sporove vezane uz online kupnju mogu\u0107e je rije\u0161iti putem ODR platforme kojoj mo\u017eete pristupiti ovdje.<br \/>OBAVIJEST O KOLA\u010cI\u0106IMA<br \/>Na\u0161a internet stranica koristi se kola\u010di\u0107ima (eng. cookies) za pru\u017eanje boljeg korisni\u010dkog iskustva, funkcionalnosti i spremanje podataka o va\u0161im narud\u017ebama. Nastavkom pregleda web stranice lejlajosipovic.com sla\u017eete se sa kori\u0161tenjem kola\u010di\u0107a. Ako ne pristajete na upotrebu ovih kola\u010di\u0107a, molimo onemogu\u0107ite ih prate\u0107i upute u na ovom linku kako se kola\u010di\u0107i s ove web stranice ne bi mogli poslati na va\u0161 ure\u0111aj.<br \/>INFORMACIJE<br \/>Naziv: Lejla Josipovi\u0107<br \/>Adresa sjedi\u0161ta: Nanette-Bald- Str. 45 81245 M\u00fcnchen<br \/>Adresa elektroni\u010dke po\u0161te: info@lejlajosipovic.com<br \/>Info telefon: +49179 79 45 965<br \/>Sva pitanja vezana uz kupovinu edukacija mo\u017eete slati na email: info@lejlajosipovic.com<br \/>Poslovni ra\u010dun otvoren u PENTA by solarisBank.<\/p>\t\t\t\t\t\t<\/div>\n\t\t\t\t<\/div>\n\t\t\t\t\t<\/div>\n\t\t<\/div>\n\t\t\t\t\t\t\t<\/div>\n\t\t<\/section>\n\t\t\t\t\t\t\t<\/div>","protected":false},"excerpt":{"rendered":"<p>Uvjeti kori\u0161tenja Kori\u0161tenjem ovih internetskih stranica Krajnji korisnik \/ Kupac potvr\u0111uje da je upoznat i suglasan s ovim uvjetima i svim ostalim stavkama poslovanja. Lejla Josipovi\u0107 zadr\u017eava pravo u bilo kojem trenutku izmijeniti ili dopuniti Op\u0107e uvjete poslovanja. Promjene stupaju na snagu danom objave na web stranici lejlajosipovic.comProdavatelj je Lejla Josipovi\u0107 sa sedi\u0161tem Nanette-Bald- Str. [&hellip;]<\/p>","protected":false},"author":3,"featured_media":0,"parent":0,"menu_order":0,"comment_status":"closed","ping_status":"closed","template":"elementor_header_footer","meta":{"footnotes":""},"class_list":["post-1084","page","type-page","status-publish","hentry"],"_links":{"self":[{"href":"https:\/\/lejlajosipovic.com\/de\/wp-json\/wp\/v2\/pages\/1084","targetHints":{"allow":["GET"]}}],"collection":[{"href":"https:\/\/lejlajosipovic.com\/de\/wp-json\/wp\/v2\/pages"}],"about":[{"href":"https:\/\/lejlajosipovic.com\/de\/wp-json\/wp\/v2\/types\/page"}],"author":[{"embeddable":true,"href":"https:\/\/lejlajosipovic.com\/de\/wp-json\/wp\/v2\/users\/3"}],"replies":[{"embeddable":true,"href":"https:\/\/lejlajosipovic.com\/de\/wp-json\/wp\/v2\/comments?post=1084"}],"version-history":[{"count":4,"href":"https:\/\/lejlajosipovic.com\/de\/wp-json\/wp\/v2\/pages\/1084\/revisions"}],"predecessor-version":[{"id":1088,"href":"https:\/\/lejlajosipovic.com\/de\/wp-json\/wp\/v2\/pages\/1084\/revisions\/1088"}],"wp:attachment":[{"href":"https:\/\/lejlajosipovic.com\/de\/wp-json\/wp\/v2\/media?parent=1084"}],"curies":[{"name":"wp","href":"https:\/\/api.w.org\/{rel}","templated":true}]}}