{"id":1078,"date":"2023-02-27T19:07:06","date_gmt":"2023-02-27T19:07:06","guid":{"rendered":"https:\/\/lejlajosipovic.com\/?page_id=1078"},"modified":"2023-02-27T19:07:46","modified_gmt":"2023-02-27T19:07:46","slug":"politika-kolacica","status":"publish","type":"page","link":"https:\/\/lejlajosipovic.com\/de\/politika-kolacica\/","title":{"rendered":"Politika kolacica"},"content":{"rendered":"<div data-elementor-type=\"wp-page\" data-elementor-id=\"1078\" class=\"elementor elementor-1078\">\n\t\t\t\t\t\t\t\t\t<section class=\"elementor-section elementor-top-section elementor-element elementor-element-226c75b8 elementor-section-boxed elementor-section-height-default elementor-section-height-default\" data-id=\"226c75b8\" data-element_type=\"section\" data-settings=\"{&quot;background_background&quot;:&quot;classic&quot;}\">\n\t\t\t\t\t\t<div class=\"elementor-container elementor-column-gap-default\">\n\t\t\t\t\t<div class=\"elementor-column elementor-col-100 elementor-top-column elementor-element elementor-element-119e7ea5\" data-id=\"119e7ea5\" data-element_type=\"column\">\n\t\t\t<div class=\"elementor-widget-wrap elementor-element-populated\">\n\t\t\t\t\t\t\t\t<div class=\"elementor-element elementor-element-4fd21e81 elementor-widget elementor-widget-text-editor\" data-id=\"4fd21e81\" data-element_type=\"widget\" data-widget_type=\"text-editor.default\">\n\t\t\t\t<div class=\"elementor-widget-container\">\n\t\t\t<style>\/*! elementor - v3.11.2 - 22-02-2023 *\/\n.elementor-widget-text-editor.elementor-drop-cap-view-stacked .elementor-drop-cap{background-color:#818a91;color:#fff}.elementor-widget-text-editor.elementor-drop-cap-view-framed .elementor-drop-cap{color:#818a91;border:3px solid;background-color:transparent}.elementor-widget-text-editor:not(.elementor-drop-cap-view-default) .elementor-drop-cap{margin-top:8px}.elementor-widget-text-editor:not(.elementor-drop-cap-view-default) .elementor-drop-cap-letter{width:1em;height:1em}.elementor-widget-text-editor .elementor-drop-cap{float:left;text-align:center;line-height:1;font-size:50px}.elementor-widget-text-editor .elementor-drop-cap-letter{display:inline-block}<\/style>\t\t\t\t<p>Politika kola\u010di\u0107a<\/p>\t\t\t\t\t\t<\/div>\n\t\t\t\t<\/div>\n\t\t\t\t<div class=\"elementor-element elementor-element-82f142f elementor-widget-divider--view-line elementor-widget elementor-widget-divider\" data-id=\"82f142f\" data-element_type=\"widget\" data-widget_type=\"divider.default\">\n\t\t\t\t<div class=\"elementor-widget-container\">\n\t\t\t<style>\/*! elementor - v3.11.2 - 22-02-2023 *\/\n.elementor-widget-divider{--divider-border-style:none;--divider-border-width:1px;--divider-color:#2c2c2c;--divider-icon-size:20px;--divider-element-spacing:10px;--divider-pattern-height:24px;--divider-pattern-size:20px;--divider-pattern-url:none;--divider-pattern-repeat:repeat-x}.elementor-widget-divider .elementor-divider{display:flex}.elementor-widget-divider .elementor-divider__text{font-size:15px;line-height:1;max-width:95%}.elementor-widget-divider .elementor-divider__element{margin:0 var(--divider-element-spacing);flex-shrink:0}.elementor-widget-divider .elementor-icon{font-size:var(--divider-icon-size)}.elementor-widget-divider .elementor-divider-separator{display:flex;margin:0;direction:ltr}.elementor-widget-divider--view-line_icon .elementor-divider-separator,.elementor-widget-divider--view-line_text .elementor-divider-separator{align-items:center}.elementor-widget-divider--view-line_icon .elementor-divider-separator:after,.elementor-widget-divider--view-line_icon .elementor-divider-separator:before,.elementor-widget-divider--view-line_text .elementor-divider-separator:after,.elementor-widget-divider--view-line_text .elementor-divider-separator:before{display:block;content:\"\";border-bottom:0;flex-grow:1;border-top:var(--divider-border-width) var(--divider-border-style) var(--divider-color)}.elementor-widget-divider--element-align-left .elementor-divider .elementor-divider-separator>.elementor-divider__svg:first-of-type{flex-grow:0;flex-shrink:100}.elementor-widget-divider--element-align-left .elementor-divider-separator:before{content:none}.elementor-widget-divider--element-align-left .elementor-divider__element{margin-left:0}.elementor-widget-divider--element-align-right .elementor-divider .elementor-divider-separator>.elementor-divider__svg:last-of-type{flex-grow:0;flex-shrink:100}.elementor-widget-divider--element-align-right .elementor-divider-separator:after{content:none}.elementor-widget-divider--element-align-right .elementor-divider__element{margin-right:0}.elementor-widget-divider:not(.elementor-widget-divider--view-line_text):not(.elementor-widget-divider--view-line_icon) .elementor-divider-separator{border-top:var(--divider-border-width) var(--divider-border-style) var(--divider-color)}.elementor-widget-divider--separator-type-pattern{--divider-border-style:none}.elementor-widget-divider--separator-type-pattern.elementor-widget-divider--view-line .elementor-divider-separator,.elementor-widget-divider--separator-type-pattern:not(.elementor-widget-divider--view-line) .elementor-divider-separator:after,.elementor-widget-divider--separator-type-pattern:not(.elementor-widget-divider--view-line) .elementor-divider-separator:before,.elementor-widget-divider--separator-type-pattern:not([class*=elementor-widget-divider--view]) .elementor-divider-separator{width:100%;min-height:var(--divider-pattern-height);-webkit-mask-size:var(--divider-pattern-size) 100%;mask-size:var(--divider-pattern-size) 100%;-webkit-mask-repeat:var(--divider-pattern-repeat);mask-repeat:var(--divider-pattern-repeat);background-color:var(--divider-color);-webkit-mask-image:var(--divider-pattern-url);mask-image:var(--divider-pattern-url)}.elementor-widget-divider--no-spacing{--divider-pattern-size:auto}.elementor-widget-divider--bg-round{--divider-pattern-repeat:round}.rtl .elementor-widget-divider .elementor-divider__text{direction:rtl}.e-con-inner>.elementor-widget-divider,.e-con>.elementor-widget-divider{width:var(--container-widget-width,100%);--flex-grow:var(--container-widget-flex-grow)}<\/style>\t\t<div class=\"elementor-divider\">\n\t\t\t<span class=\"elementor-divider-separator\">\n\t\t\t\t\t\t<\/span>\n\t\t<\/div>\n\t\t\t\t<\/div>\n\t\t\t\t<\/div>\n\t\t\t\t<div class=\"elementor-element elementor-element-2e9ccc86 elementor-widget elementor-widget-text-editor\" data-id=\"2e9ccc86\" data-element_type=\"widget\" data-widget_type=\"text-editor.default\">\n\t\t\t\t<div class=\"elementor-widget-container\">\n\t\t\t\t\t\t\t<p>Upotreba Kola\u010di\u0107a \u2013 Cookies (eng.)<br \/>\u0160TO JE KOLA\u010cI\u0106?<br \/>Kola\u010di\u0107 je mala tekstualna datoteka koju mre\u017eno mjesto pohranjuje na va\u0161em ra\u010dunalu ili bilo kojem drugom ure\u0111aju, s informacijama o va\u0161oj navigaciji na toj mre\u017enoj stranici. Kola\u010di\u0107i su neophodni da bi olak\u0161ali pregledavanje i da bi ga vi\u0161e prilagodili korisniku te ne o\u0161te\u0107uju va\u0161e ra\u010dunalo.<br \/>Iako se u Pravilima upotrebljava op\u0107i pojam \u201ekola\u010di\u0107i\u201c jer su oni glavni na\u010din pohrane podataka kojima se koristi ovo mre\u017eno mjesto, prostor \u201elokalne pohrane\u201c preglednika se upotrebljava u iste svrhe kao i kola\u010di\u0107i. Sve se informacije u ovom odjeljku primjenjuju i na tu \u201elokalnu pohranu\u201c.<br \/>U KOJU SE SVRHU UPOTREBLJAVAJU KOLA\u010cI\u0106I NA OVOM MRE\u017dNOM MJESTU?<br \/>Kola\u010di\u0107i su neophodan dio na\u010dina rada na\u0161eg mre\u017enog mjesta. Glavna je namjena na\u0161ih kola\u010di\u0107a pobolj\u0161anje va\u0161eg iskustva pregledavanja. Na primjer, upotrebljavaju se da zapamte va\u0161e osobne postavke (primjerice: dr\u017eavu) dok pregledavate mre\u017eno mjesto te pri budu\u0107im posjetima. Informacije koje prikupe kola\u010di\u0107i nam tako\u0111er omogu\u0107uju pobolj\u0161anje mjesta procjenom koli\u010dine i obrazaca upotrebe, primjerenosti mre\u017enog mjesta pojedina\u010dnim potrebama korisnika, br\u017eim pretragama itd. Ponekad, ako smo unaprijed pribavili va\u0161 informirani pristanak, mo\u017eemo koristiti kola\u010di\u0107e, oznake i sli\u010dne alate radi pribavljanja informacija koje nam omogu\u0107uju da vam poka\u017eemo, ili s na\u0161eg vlastitog mre\u017enog mjesta ili mre\u017enih mjesta tre\u0107ih strana ili na bilo koji drugi na\u010din, oglase temeljene na analizi va\u0161ih navika pregledavanja mre\u017enog mjesta.<br \/>U KOJU SE SVRHU NE UPOTREBLJAVAJU KOLA\u010cI\u0106I NA OVOM MRE\u017dNOM MJESTU?<br \/>Ne pohranjujemo osjetljive osobne informacije, kao \u0161to su va\u0161a adresa, lozinka, podaci o va\u0161oj kreditnoj ili debitnoj kartici itd., putem kola\u010di\u0107a koje upotrebljavamo.<br \/>TKO UPOTREBLJAVA INFORMACIJE POHRANJENE U KOLA\u010cI\u0106IMA?<br \/>Informacije pohranjene u kola\u010di\u0107ima upotrebljavamo isklju\u010divo mi, osim onih koji su u nastavku opisani kao \u201ekola\u010di\u0107i tre\u0107ih strana\u201c, a njih upotrebljavaju i njima upravljaju vanjske pravne osobe radi pru\u017eanja usluga koje mi zatra\u017eimo da bismo pobolj\u0161ali svoje usluge i iskustvo korisnika prilikom pregledavanja na\u0161eg mre\u017enog mjesta. Ovi se \u201ekola\u010di\u0107i tre\u0107ih strana\u201c uglavnom upotrebljavaju da bi se pribavila statistika pristupa i da bi se jam\u010dile platne transakcije koje se izvr\u0161avaju.<br \/>KAKO MOGU IZBJE\u0106I UPOTREBU KOLA\u010cI\u0106A NA OVOM MRE\u017dNOM MJESTU?<br \/>Ako vam je dra\u017ee izbje\u0107i upotrebu kola\u010di\u0107a na ovom mre\u017enom mjestu, uzimaju\u0107i u obzir gore opisana ograni\u010denja, prvo morate onemogu\u0107iti upotrebu kola\u010di\u0107a u va\u0161em pregledniku i onda izbrisati kola\u010di\u0107e povezane s ovim mre\u017enim mjestom koji su sa\u010duvani u va\u0161em pregledniku. Mo\u017eete upotrebljavati ovu mogu\u0107nost spre\u010davanja upotrebe kola\u010di\u0107a u bilo kojem trenutku.<br \/>KAKO ONEMOGU\u0106ITI ILI SPRIJE\u010cITI UPOTREBU KOLA\u010cI\u0106A?<br \/>Mo\u017eete ograni\u010diti, blokirati ili izbrisati kola\u010di\u0107e s ovog mre\u017enog mjesta u bilo kojem trenutku promjenom konfiguracije va\u0161eg preglednika putem dolje nazna\u010denih koraka. Iako su postavke razli\u010dite u svakom pregledniku, kola\u010di\u0107i se obi\u010dno konfiguriraju u izbornicima \u201eOsobne postavke\u201c ili \u201eAlati\u201c. Za daljnje detalje o konfiguraciji kola\u010di\u0107a u va\u0161em pregledniku, molimo pogledajte izbornik \u201ePomo\u0107\u201c u samom pregledniku. Ako op\u0107enito \u017eelite vi\u0161e znati o kola\u010di\u0107ima i kako funkcioniraju, mo\u017eete se vi\u0161e informirati na www.allaboutcookies.org i www.youronlinechoices.eu.<br \/>\u010cuvanje podataka<br \/>Osobne podatke \u010duvamo toliko dugo koliko je potrebno da tra\u017eena usluga ili usluga za koju ste dali privolu bude pru\u017eena, osim ako zakon ne propisuje druga\u010dije.<br \/>Sigurnost<br \/>Tvrtka koristi tehni\u010dke i organizacijske sigurnosne mjere kako bi za\u0161titila Va\u0161e podatke. Na\u0161e se sigurnosne mjere kontinuirano unapre\u0111uju sukladno tehnolo\u0161kom razvoju.<br \/>Primjena izjave<br \/>Na\u0161a politika za\u0161tite privatnosti se redovito razmatra i po potrebi a\u017eurira. Politika za\u0161tite privatnosti je zadnji put a\u017eurirana 31. srpnja 2021. godine.<\/p>\t\t\t\t\t\t<\/div>\n\t\t\t\t<\/div>\n\t\t\t\t\t<\/div>\n\t\t<\/div>\n\t\t\t\t\t\t\t<\/div>\n\t\t<\/section>\n\t\t\t\t\t\t\t<\/div>","protected":false},"excerpt":{"rendered":"<p>Politika kola\u010di\u0107a Upotreba Kola\u010di\u0107a \u2013 Cookies (eng.)\u0160TO JE KOLA\u010cI\u0106?Kola\u010di\u0107 je mala tekstualna datoteka koju mre\u017eno mjesto pohranjuje na va\u0161em ra\u010dunalu ili bilo kojem drugom ure\u0111aju, s informacijama o va\u0161oj navigaciji na toj mre\u017enoj stranici. Kola\u010di\u0107i su neophodni da bi olak\u0161ali pregledavanje i da bi ga vi\u0161e prilagodili korisniku te ne o\u0161te\u0107uju va\u0161e ra\u010dunalo.Iako se u [&hellip;]<\/p>","protected":false},"author":3,"featured_media":0,"parent":0,"menu_order":0,"comment_status":"closed","ping_status":"closed","template":"elementor_header_footer","meta":{"footnotes":""},"class_list":["post-1078","page","type-page","status-publish","hentry"],"_links":{"self":[{"href":"https:\/\/lejlajosipovic.com\/de\/wp-json\/wp\/v2\/pages\/1078","targetHints":{"allow":["GET"]}}],"collection":[{"href":"https:\/\/lejlajosipovic.com\/de\/wp-json\/wp\/v2\/pages"}],"about":[{"href":"https:\/\/lejlajosipovic.com\/de\/wp-json\/wp\/v2\/types\/page"}],"author":[{"embeddable":true,"href":"https:\/\/lejlajosipovic.com\/de\/wp-json\/wp\/v2\/users\/3"}],"replies":[{"embeddable":true,"href":"https:\/\/lejlajosipovic.com\/de\/wp-json\/wp\/v2\/comments?post=1078"}],"version-history":[{"count":4,"href":"https:\/\/lejlajosipovic.com\/de\/wp-json\/wp\/v2\/pages\/1078\/revisions"}],"predecessor-version":[{"id":1082,"href":"https:\/\/lejlajosipovic.com\/de\/wp-json\/wp\/v2\/pages\/1078\/revisions\/1082"}],"wp:attachment":[{"href":"https:\/\/lejlajosipovic.com\/de\/wp-json\/wp\/v2\/media?parent=1078"}],"curies":[{"name":"wp","href":"https:\/\/api.w.org\/{rel}","templated":true}]}}